{"id":64,"date":"2014-10-21T17:47:14","date_gmt":"2014-10-21T17:47:14","guid":{"rendered":"http:\/\/vps104076.ovh.net\/?page_id=64"},"modified":"2026-02-22T01:21:10","modified_gmt":"2026-02-22T00:21:10","slug":"lospatrocinadores","status":"publish","type":"page","link":"https:\/\/cxfontecarmoa.com\/web\/lospatrocinadores\/","title":{"rendered":"PATROCINADORES"},"content":{"rendered":"\n<div class=\"wp-block-group is-layout-flow wp-block-group-is-layout-flow\">\n<p>\u00a1\u00a1\u00a1 Moitas gracias a t\u00f3do-los nosos patrocinadores !!!<br \/>Dende o Club Xadrez Fontecarmoa queremos agradecer \u00f3s nosos patrocinadores o apoio que t\u00f3do-los anos nos brindan para facer do xadrez vilagarci\u00e1n un referente Nacional.<\/p>\n<center><img decoding=\"async\" src=\"\/web\/patrocinadores\/img\/irias.jpg\" alt=\"\" \/><\/center><center><img decoding=\"async\" src=\"\/web\/patrocinadores\/img\/exove.jpg\" alt=\"\" \/><\/center><center><img loading=\"lazy\" decoding=\"async\" class=\"alignnone size-medium\" src=\"\/patrocinadores\/img\/CXF - CCAROUSA.jpeg\" width=\"250\" height=\"186\" \/><\/center><center><\/center>\n<table border=\"1\" align=\"center\">\n<tbody>\n<tr>\n<td align=\"center\" valign=\"middle\"><img decoding=\"async\" src=\"\/web\/patrocinadores\/img\/250x250\/141882544819.jpeg\" alt=\"\" \/><\/td>\n<td align=\"center\" valign=\"middle\"><img loading=\"lazy\" decoding=\"async\" class=\"alignnone\" src=\"\/web\/patrocinadores\/img\/250x250\/141780405415.jpeg\" alt=\"\" width=\"250\" height=\"125\" \/><\/td>\n<td align=\"center\" valign=\"middle\"><img loading=\"lazy\" decoding=\"async\" class=\"alignnone\" src=\"\/web\/patrocinadores\/img\/250x250\/170877350858.jpeg\" alt=\"\" width=\"250\" height=\"87\" \/><\/td>\n<\/tr>\n<tr>\n<td align=\"center\" valign=\"middle\"><img loading=\"lazy\" decoding=\"async\" class=\"alignnone\" src=\"\/web\/patrocinadores\/img\/250x250\/174043599162.jpeg\" alt=\"\" width=\"250\" height=\"141\" \/><\/td>\n<td align=\"center\" valign=\"middle\"><img loading=\"lazy\" decoding=\"async\" class=\"alignnone size-medium\" src=\"\/patrocinadores\/img\/CXF - PASTELERIA A PRAZA.jpeg\" width=\"249\" height=\"250\" \/><\/td>\n<td align=\"center\" valign=\"middle\"><img decoding=\"async\" src=\"\/web\/patrocinadores\/img\/250x250\/141479633918.jpeg\" alt=\"\" \/><\/td>\n<\/tr>\n<tr>\n<td align=\"center\" valign=\"middle\"><img decoding=\"async\" src=\"\/web\/patrocinadores\/img\/250x250\/170877361713.jpeg\" alt=\"\" \/><\/td>\n<td align=\"center\" valign=\"middle\"><img decoding=\"async\" src=\"\/web\/patrocinadores\/img\/250x250\/141479642760.jpeg\" alt=\"\" \/><\/td>\n<td align=\"center\" valign=\"middle\"><img decoding=\"async\" src=\"\/web\/patrocinadores\/img\/250x250\/141479640974.jpeg\" alt=\"\" \/><\/td>\n<\/tr>\n<tr>\n<td align=\"center\" valign=\"middle\"><img decoding=\"async\" src=\"\/web\/patrocinadores\/img\/250x250\/174043556651.jpeg\" alt=\"\" \/><\/td>\n<td align=\"center\" valign=\"middle\"><img loading=\"lazy\" decoding=\"async\" class=\"alignnone size-medium\" src=\"\/patrocinadores\/img\/CXF - RESTAURANTE TANTRA.jpeg\" width=\"250\" height=\"249\" \/><\/td>\n<td align=\"center\" valign=\"middle\"><img decoding=\"async\" src=\"\/web\/patrocinadores\/img\/250x250\/141882275235.jpeg\" alt=\"\" \/><\/td>\n<\/tr>\n<tr>\n<td align=\"center\" valign=\"middle\"><img decoding=\"async\" src=\"\/web\/patrocinadores\/img\/250x250\/174043522778.jpeg\" alt=\"\" \/><\/td>\n<td align=\"center\" valign=\"middle\"><img decoding=\"async\" src=\"\/web\/patrocinadores\/img\/250x250\/174043515672.jpeg\" alt=\"\" \/><\/td>\n<td align=\"center\" valign=\"middle\"><img decoding=\"async\" src=\"\/web\/patrocinadores\/img\/250x250\/174043479584.jpeg\" alt=\"\" \/><\/td>\n<\/tr>\n<\/tbody>\n<\/table>\n<p>Se queres formar parte do grupo de patrocinadores do club, podes mandarnos un mail o enderezo de contacto do club:<\/p>\n<p style=\"text-align: center;\">club @ cxfontecarmoa.com<\/p>\n<p>Informar\u00e9moste de como podes axudar \u00f3 noso club. A cambio, proporcionaremos proxecci\u00f3n da t\u00faa marca a trav\u00e9s das nosas plataformas, na nosa web, ou nos nosos equipos da Liga Galega. Aparecer\u00e1s como un dos nosos patrocinadores do deporte galego.<br \/><a href=\"\/web\/lospatrocinadores\/\" target=\"_blank\" rel=\"noopener noreferrer\"><img decoding=\"async\" class=\"aligncenter\" src=\"\/web\/patrocinadores\/img\/468x60\/141307228751.jpeg\" alt=\"\" \/><\/a><\/p>\n<\/div>\n","protected":false},"excerpt":{"rendered":"<p>\u00a1\u00a1\u00a1 Moitas gracias a t\u00f3do-los nosos patrocinadores !!!Dende o Club Xadrez Fontecarmoa queremos agradecer \u00f3s nosos patrocinadores o<\/p>\n","protected":false},"author":1,"featured_media":8445,"parent":0,"menu_order":0,"comment_status":"closed","ping_status":"closed","template":"","meta":{"footnotes":""},"class_list":["post-64","page","type-page","status-publish","has-post-thumbnail","hentry"],"_links":{"self":[{"href":"https:\/\/cxfontecarmoa.com\/web\/wp-json\/wp\/v2\/pages\/64","targetHints":{"allow":["GET"]}}],"collection":[{"href":"https:\/\/cxfontecarmoa.com\/web\/wp-json\/wp\/v2\/pages"}],"about":[{"href":"https:\/\/cxfontecarmoa.com\/web\/wp-json\/wp\/v2\/types\/page"}],"author":[{"embeddable":true,"href":"https:\/\/cxfontecarmoa.com\/web\/wp-json\/wp\/v2\/users\/1"}],"replies":[{"embeddable":true,"href":"https:\/\/cxfontecarmoa.com\/web\/wp-json\/wp\/v2\/comments?post=64"}],"version-history":[{"count":3,"href":"https:\/\/cxfontecarmoa.com\/web\/wp-json\/wp\/v2\/pages\/64\/revisions"}],"predecessor-version":[{"id":8448,"href":"https:\/\/cxfontecarmoa.com\/web\/wp-json\/wp\/v2\/pages\/64\/revisions\/8448"}],"wp:featuredmedia":[{"embeddable":true,"href":"https:\/\/cxfontecarmoa.com\/web\/wp-json\/wp\/v2\/media\/8445"}],"wp:attachment":[{"href":"https:\/\/cxfontecarmoa.com\/web\/wp-json\/wp\/v2\/media?parent=64"}],"curies":[{"name":"wp","href":"https:\/\/api.w.org\/{rel}","templated":true}]}}