{"id":62,"date":"2014-10-21T17:48:15","date_gmt":"2014-10-21T17:48:15","guid":{"rendered":"http:\/\/vps104076.ovh.net\/?page_id=62"},"modified":"2014-10-21T17:48:15","modified_gmt":"2014-10-21T17:48:15","slug":"quienes-somos-2","status":"publish","type":"page","link":"https:\/\/cxfontecarmoa.com\/web\/quienes-somos-2\/","title":{"rendered":"QUIENES SOMOS"},"content":{"rendered":"<p style=\"text-align: center;\"><img loading=\"lazy\" decoding=\"async\" class=\"alignnone wp-image-3185 size-full\" src=\"https:\/\/cxfontecarmoa.com\/web\/wp-content\/uploads\/2014\/10\/somos.png\" alt=\"\" width=\"300\" height=\"180\" \/><\/p>\n<p style=\"text-align: center;\">EL CLUB XADREZ FONTECARMOA<\/p>\n<p style=\"text-align: justify;\">El Clube Xadrez FONTECARMOA nace a mediados de los a\u00f1os 80, por iniciativa de un gran personaje del deporte local, as\u00ed como el ajedrez gallego: Adolfo Pedrido Morla, en ese momento uno de los m\u00e1ximos responsables, a nivel federativo, de la FEGA.<\/p>\n<p><iframe loading=\"lazy\" width=\"420\" height=\"315\" src=\"https:\/\/www.youtube.com\/embed\/NRWM4TtgHr8?rel=0&amp;controls=0&amp;showinfo=0\" frameborder=\"0\" allowfullscreen><\/iframe><\/p>\n<p style=\"text-align: center;\"><a href=\"https:\/\/youtu.be\/NRWM4TtgHr8\">VER VIDEO EN NUESTRO CANAL DE YOUTUBE<\/a><\/p>\n<p style=\"text-align: justify;\">Adolfo organizaba en esos a\u00f1os unos Campeonatos Escolares de Ajedrez, en el \u00e1mbito de Vilagarc\u00eda, que sistem\u00e1ticamente ganaban los jugadores de un Instituto de Formaci\u00f3n Profesional: IFP FONTECARMOA (hoy IES FERM\u00cdN BOUZA BREY); se daban varias circunstancias favorables: una buena generaci\u00f3n de ajedrecistas j\u00f3venes (fue alumno Roberto Pati\u00f1o), un apoyo decidido a esta pr\u00e1ctica desde la direcci\u00f3n del Instituto (fundado en 1978, su primer director democr\u00e1tico, El\u00edas Lamelas, era amigo del jugador de O Grove Alberto Garc\u00eda Besada, que dio varias simult\u00e1neas en el centro) y varios j\u00f3venes profesores aficionados (Xurxo Novales y Roberto Vidal).<a href=\"https:\/\/cxfontecarmoa.com\/web\/wp-content\/uploads\/2014\/10\/19791.jpg\"><img loading=\"lazy\" decoding=\"async\" class=\"alignright wp-image-49 size-medium\" src=\"https:\/\/cxfontecarmoa.com\/web\/wp-content\/uploads\/2014\/10\/19791-300x201.jpg\" alt=\"1979\" width=\"300\" height=\"201\" \/><\/a><\/p>\n<p style=\"text-align: justify;\">La insistencia de Adolfo (prematuramente fallecido) para federar a j\u00f3venes que, probablemente habr\u00edan dejado la pr\u00e1ctica ajedrec\u00edstica, hizo nacer un peque\u00f1o club que utilizaba para jugar la infraestructura del gran club local: el Liceo Mar\u00edtimo de Vilagarc\u00eda, con un brillante historial ajedrec\u00edstico a sus espaldas. Posteriormente, la secci\u00f3n de ajedrez del Liceo (a\u00f1o 2000) sufri\u00f3 una fuerte crisis que le hizo perder a sus jugadores, desperdigados por distintos clubes gallegos: Julio Torrado, Manuel Conde, Jorge Saborido, Alejandro V\u00e1zquez, Manuel Bueno, Roberto Pati\u00f1o,\u2026, dejando otros la pr\u00e1ctica ajedrec\u00edstica temporalmente.<\/p>\n<p style=\"text-align: justify;\">Ante las nuevas circunstancias, el club colegial, se vio obligado a tomar el relevo como representante del ajedrez local. Poco a poco fue recuperando jugadores del Liceo y federando a jugadores \u201cde caf\u00e9\u201d, que no hab\u00edan estado federados; por otra parte, tras una larga etapa de trabajo de base en el Instituto Ferm\u00edn Bouza Brey, con distintos campeonatos celebrados (S. Juan Bosco, Letras Galegas,\u2026), caracterizados por la entrega de libros de ajedrez como premios, se hizo forzoso adaptarse a la nueva realidad y\u00a0dejar de entrenar\u00a0en la\u00a0peque\u00f1a sala improvisada durante\u00a0los recreos. Era hora de conseguir un local adecuado para jugar y trabajar con la base, creciente, de Vilagarc\u00eda y su entorno.<\/p>\n<p style=\"text-align: justify;\"><a href=\"https:\/\/cxfontecarmoa.com\/web\/wp-content\/uploads\/2014\/10\/19981.jpg\"><img loading=\"lazy\" decoding=\"async\" class=\"alignleft size-medium wp-image-50\" src=\"https:\/\/cxfontecarmoa.com\/web\/wp-content\/uploads\/2014\/10\/19981-300x205.jpg\" alt=\"1998[1]\" width=\"300\" height=\"205\" \/><\/a>En el a\u00f1o 2001 se comienza a trabajar, t\u00edmidamente, en las instalaciones de la Casa da Xuventude de Vilagarc\u00eda con un reducido grupo de ni\u00f1os, utilizando asimismo el local como sede competitiva. Se decide, por distintas razones, trabajar con la base los viernes por la tarde. Inicialmente, acusando la falta de experiencia, se cita a todos los j\u00f3venes, con distintas edades y niveles de juego, de 18 a 21 horas, observ\u00e1ndose r\u00e1pidamente que no es posible hacer un trabajo eficaz, puesto que son demasiadas personas compartiendo la misma sala y, lo que es m\u00e1s grave, bastantes de los m\u00e1s j\u00f3venes no aguantan concentrados m\u00e1s que un ratito, dedicando el resto del tiempo a distraerse por su cuenta. Inevitablemente, adem\u00e1s, algunos de los asistentes vienen impulsados por sus padres sin excesiva convicci\u00f3n y el club juega en parte el papel de una guarder\u00eda.<\/p>\n<p style=\"text-align: justify;\">En la temporada siguiente se decide trabajar en dos salas, de modo que los m\u00e1s j\u00f3venes, que est\u00e1n inici\u00e1ndose, est\u00e9n en el local alrededor de una hora (18-19 horas), pasando a estar la situaci\u00f3n m\u00e1s controlada.<\/p>\n<p style=\"text-align: justify;\">Poco a poco las instalaciones del local presentan un marco m\u00e1s acogedor, el club aumenta su patrimonio y se incorporan nuevos monitores que permiten hacer un trabajo m\u00e1s especializado.<\/p>\n<p style=\"text-align: justify;\">En la temporada 2002-03, durante la cual juega en el club Antonio Rodr\u00edguez, el club asciende por 1\u00aa vez a 1\u00aa divisi\u00f3n; los responsables de este ascenso son Antonio Rodr\u00edguez, Jorge Saborido, Jose Alberto Rodr\u00edguez, Ram\u00f3n Melio, Jorge Mar\u00eda y Jorge Diogo Guinarte. El ascenso se desarrolla de un modo brillante; simult\u00e1neamente el club asciende otro equipo a 2\u00aa divisi\u00f3n, participando en dicho ascenso Alexis Vilas, Gonzalo Bouza-Brey, Xurxo Novales, Roberto Vidal, Fco Javier Bouzas Rial y Fco Javier Bouzas Collazo.<\/p>\n<p style=\"text-align: justify;\"><a href=\"https:\/\/cxfontecarmoa.com\/web\/wp-content\/uploads\/2014\/10\/20001.jpg\"><img loading=\"lazy\" decoding=\"async\" class=\"alignright size-medium wp-image-51\" src=\"https:\/\/cxfontecarmoa.com\/web\/wp-content\/uploads\/2014\/10\/20001-300x220.jpg\" alt=\"2000[1]\" width=\"300\" height=\"220\" \/><\/a>El a\u00f1o 2003-04 comienza con mal pie en 1\u00aa divisi\u00f3n; una derrota inesperada en 1\u00aa divisi\u00f3n ante un equipo inferior, junto con las ausencias de jugadores en jornadas importantes hace que el equipo descienda de categor\u00eda, atravesando una dolorosa crisis en la c\u00faspide. Varios de los jugadores que han protagonizado el ascenso tienen buenas ofertas deportivas y deciden aprovecharlas.<\/p>\n<p style=\"text-align: justify;\">Durante la temporada 2004-05 el club tiene un nivel modesto a nivel ajedrec\u00edstico de \u00e9lite, puesto que no tiene equipos en las categor\u00edas m\u00e1ximas (Preferente o 1\u00aa, tras un ef\u00edmero paso por la 1\u00aa Divisi\u00f3n en el a\u00f1o 2004, decepcionante, despu\u00e9s de un brillante ascenso la temporada anterior). Sin embargo, durante esta temporada el club sigue creciendo en fichas, sobre todo por la base, puesto que se han federado 9 equipos: dos en 2\u00aa , tres en 3\u00aa y cuatro en 4\u00aa divisi\u00f3n, con resultados dignos en todas las categor\u00edas ( se ha rozado el ascenso en 2\u00aa y 3\u00aa divisi\u00f3n); cuenta con unos 80 jugadores federados, de los cuales alrededor de 50 son menores de 14 a\u00f1os. Presenta un buen grado de integraci\u00f3n a todos los niveles, con padres muy implicados y participativos. En la temporada 2004-2005, qued\u00f3 2\u00ba clasificado en el PE\u00d3N DE ORO POR EQUIPOS, categor\u00eda sub-10 (Mondariz, noviembre 2004), en una categor\u00eda en la que participaron 21 equipos, siendo campe\u00f3n un equipo leon\u00e9s; asimismo, ha quedado CAMPE\u00d3N ESCOLAR FEMENINO a nivel gallego, en el campeonato celebrado en Silleda en mayo del 2005. Tiene varios j\u00f3venes, de ambos sexos, altamente motivados y con cualidades para llegar a jugar muy bien al ajedrez (a los que no se est\u00e1 forzando el ritmo).<\/p>\n<p style=\"text-align: justify;\">La temporada 2005-06 supone un punto de inflexi\u00f3n importante en el club. Simult\u00e1neamente a la incorporaci\u00f3n de Julio Torrado como jugador y entrenador se consiguen importantes \u00e9xitos deportivos: Campeonato Gallego Femenino sub-12 (F\u00e1tima Grande Palacios); Campeonato Escolar Femenino ( a cargo de F\u00e1tima Grande, Yanire Vilas, Luc\u00eda Brun, Olalla Otero y Carmen Aparisi); primer puesto, empate en primer puesto, con el campe\u00f3n, en el Pe\u00f3n de Oro Individual, a cargo de Luis Segura; participaci\u00f3n en los campeonatos de Espa\u00f1a en varias categor\u00edas, siendo Luis Segura y Lucas Abal los mejores gallegos sub-10; campeonato Pe\u00f3n de Oro por Equipos Sub-10 (Luis Segura, Lucas Abal y Samuel Dieste), ascensos de categor\u00eda de dos equipos: FONTECARMOA- CASA XUVENTUDE a 1\u00aa divisi\u00f3n y FONTECARMOA- LA MARINA a 2\u00aa divisi\u00f3n.<br \/>\nDistintos jugadores del club obtienen, adem\u00e1s, excelentes resultados en torneos celebrados en la Comunidad Aut\u00f3noma y fuera de ella.<br \/>\nEl club acaba la temporada con 85 jugadores federados, distribu\u00eddos en 9 equipos, 2 en 2\u00aa divisi\u00f3n, 3 en 3\u00aa divisi\u00f3n y 4 en 4\u00aa divisi\u00f3n.<\/p>\n<p style=\"text-align: justify;\"><strong>Temporada 2006-2007<\/strong><br \/>\n<a href=\"https:\/\/cxfontecarmoa.com\/web\/wp-content\/uploads\/2014\/10\/20051.jpg\"><img loading=\"lazy\" decoding=\"async\" class=\"alignright size-medium wp-image-52\" src=\"https:\/\/cxfontecarmoa.com\/web\/wp-content\/uploads\/2014\/10\/20051-300x225.jpg\" alt=\"2005[1]\" width=\"300\" height=\"225\" \/><\/a>La temporada actual 2006-07 contin\u00faa la tendencia de la anterior en todos los sentidos. Las fichas se han incrementado a las 114, incorpor\u00e1ndose jugadores de gran calidad como Antonio Rodr\u00edguez, Manuel Conde, Domingos Merino y David Rodr\u00edguez que han reforzado el primer equipo, junto a muchos otros jugadores con gran talento e ilusi\u00f3n de todas las edades. Esta temporada hay 12 equipos federado, distribu\u00eddos en las categor\u00edas 1\u00aa B (FONTECARMOA CASA XUVENTUDE), situado toda la temporada en los primeros puestos, con serias posibilidades de ascenso a la Divisi\u00f3n de Honor (lo cual constituir\u00eda un hecho hist\u00f3rico en Vilagarc\u00eda); 2\u00aa B (FONTECARMOA BA\u00d1OS PRINT); 2\u00aa C (FONTECARMOA LA MARINA); 3\u00aa H (FONTECARMOA MC DONALDS, que pelea por el ascenso; FONTECARMOA XIABRE y FONTECARMOA VALDUMIA; 3\u00aa I (FONTECARMOA LOBEIRA; FONTECARMOA SALN\u00c9S y FONTECARMOA MARXI\u00d3N); 4\u00aa E (FONTECARMOA RIO CON; FONTECARMOA R\u00cdO ULLA; FONTECARMOA AROUSA \u2013femenino-).<\/p>\n<p style=\"text-align: justify;\">El club presenta participantes en los campeonatos gallegos sub-14 y sub-18, celebrados en Ferrol durante los carnavales, con discretos resultados.<br \/>\nDurante los campeonatos gallegos celebrados en Semana Santa, en Padr\u00f3n, en las categor\u00edas sub-10, sub-12 y sub-16, los resultados han sido notables: Lucas Abal ha quedado campe\u00f3n sub-10, con 8 puntos en 8 partidas a 2 puntos del 2\u00ba clasificado; adem\u00e1s, Ana Grande y Marta Andi\u00f3n han sido 2\u00aa y 3\u00aa clasificadas femeninas en dicha categor\u00eda; en la categor\u00eda sub-12, Luis Segura ha tenido una brillante actuaci\u00f3n que un inoportuno proceso v\u00edrico malogr\u00f3: situado en 1\u00ba puesto, con 5\u20195 puntos sobre 6, debi\u00f3 abandonar el campeonato para ingresar en un centro sanitario; a\u00fan as\u00ed se clasific\u00f3 en 8\u00ba puesto en su primer a\u00f1o en la categor\u00eda. Notables actuaciones tuvieron, asimismo Samuel Dieste y Andr\u00e9s Varela en la misma categor\u00eda y Diego Cascallar en sub-16. El club desplaz\u00f3 a Padr\u00f3n 29 jugadores.<br \/>\nSimult\u00e1neamente, en Mondariz participaron en el 4\u00ba Torneo Marcote 3 representantes del club, con brillantes resultados: Julio Torrado ha quedado 3\u00ba clasificado en categor\u00eda sub-2300 y Jorge Saborido 2\u00ba en categor\u00eda sub-2000.<\/p>\n<p style=\"text-align: justify;\">El local (Casa da Xuventude) donde se llevan las actividades ha evolucionado, asimismo, de un modo notable. Actualmente el club utiliza cuatro amplias salas, para distintas actividades: tres de ellas, en las cuales hay tableros de pared, magn\u00e9ticos, y suficientes mesas de juego, se dedican a entrenamiento y celebraci\u00f3n de torneos, disponiendo adem\u00e1s una de ellas de ordenador, \u00fatil para la iniciaci\u00f3n de los j\u00f3venes en los programas inform\u00e1ticos, de modo que puedan introducir sus propias partidas comentadas en formato Chessbase y, asimismo, poder llevar documentaci\u00f3n; la cuarta, dotada de video-dvd y televisor, se aprovecha para ver pel\u00edculas y documentaci\u00f3n audiovisual relacionado con el ajedrez, especialmente la serie: \u201cLa pasi\u00f3n del ajedrez\u201d.<\/p>\n<p style=\"text-align: justify;\">El club dispone de un amplio patrimonio ajedrec\u00edstico: libros a distintos niveles, suscripci\u00f3n a revistas (Pe\u00f3n de Rey), programas inform\u00e1ticos (Fritz, El Peque\u00f1o Fritz, Chessbase), relojes digitales (en este momento 32) y anal\u00f3gicos (12), y un gran n\u00famero de juegos.<\/p>\n<p style=\"text-align: justify;\">Asimismo, el club ha ido elaborando un material propio (mates en 1 \u00f3 2 jugadas; temas t\u00e1cticos; finales; miniaturas; celadas; partidas brillantes; aperturas\u2026) fotocopiable.<\/p>\n<p style=\"text-align: justify;\">Desde el a\u00f1o 2003 se cuenta con ayuda municipal (Escuelas Deportivas Municipales), con lo cual se cuenta con dotaci\u00f3n econ\u00f3mica para las clases de ajedrez. Este a\u00f1o, se han dado clases, con la cobertura municipal, los mi\u00e9rcoles por la tarde (18 a 20 horas) y los s\u00e1bados por la ma\u00f1ana (11 a 13 horas), en grupos reducidos \u2013no m\u00e1s de 15 personas, con caracter\u00edsticas espec\u00edficas de edad (aparte de la actividad general de los viernes de tarde).<\/p>\n<p style=\"text-align: justify;\">Durante la temporada 2004-2005 los viernes por la tarde se ha trabajado con 4 grupos de alumnos con distintos niveles: simult\u00e1neamente dos grupos de 18 a 19 horas, de iniciaci\u00f3n, con salas y monitores diferentes, uno con cada grupo durante toda la temporada. De 19 a 21 horas los otros dos grupos, tambi\u00e9n con salas y monitores diferentes; para estos dos grupos se han utilizado varios videos de la colecci\u00f3n Salvat: \u201cLa pasi\u00f3n del ajedrez\u201d, de los cuales se muestra la ficha t\u00e9cnica del anexo; como los videos duran alrededor de 30 minutos, se ajustan muy bien a las sesiones (en la pr\u00e1ctica, con los comentarios pertinentes, mediante la congelaci\u00f3n de la imagen para los comentarios, su visualizaci\u00f3n puede llevar alrededor de los 60-80 minutos, por lo que se iban pasando alternativamente a uno u otro grupo, vi\u00e9ndolos cada grupo cada 15 d\u00edas) constituyen una excelente herramienta de trabajo (es el primer a\u00f1o que trabajamos con ellos y el balance es positivo).<\/p>\n<p style=\"text-align: justify;\">El club ha trabajado durante este a\u00f1o, a distinto nivel, con un amplio grupo de monitores: Jorge Saborido, Alexis Vilas, Gonzalo Bouza-Brey, Julio Torrado, Jos\u00e9 Maneiro, Roberto Vidal, Angel Vilas y Xurxo Novales. No todos los monitores han tenido el mismo grado de implicaci\u00f3n.<\/p>\n<p style=\"text-align: justify;\">Durante la temporada 2005-06 los monitores que han trabajado han sido: Jorge Saborido, Alexis Vilas, Gonzalo Bouza-Brey, Julio Torrado, Jos\u00e9 Maneiro, Roberto Vidal, Angel Vilas.<\/p>\n<p style=\"text-align: justify;\">Durante la temporada 2006-07 los monitores que est\u00e1n trabajando son: Jorge Saborido, Gonzalo Bouza-Brey, Julio Torrado, Jos\u00e9 Maneiro, Roberto Vidal, Jose Alberto Rodr\u00edguez. La organizaci\u00f3n de los grupos es bastante compleja: 2 grupos trabajan los martes a cargo de Jorge Saborido; 3 grupos los viernes, a cargo de Jose Maneiro (2) y Roberto Vidal (1); 3 grupos los s\u00e1bados de ma\u00f1ana (con los monitores Julio Torrado, Gonzalo Bouza-Brey y Jose Alberto Rodr\u00edguez). Es precisa una coordinaci\u00f3n precisa, para poder suplir las ausencias de monitores que se producen de vez en cuando. El contacto con los padres de los m\u00e1s j\u00f3venes, que le exige una dedicaci\u00f3n exclusiva los viernes, corre a cargo de Angel Vilas. Durante esta temporada, con un nivel de trabajo muy superior al que podr\u00eda sospecharse en fechas pr\u00f3ximas, las ayudas de m\u00faltiples miembros del club y\/o padres han sido fundamentales para desarrollar el trabajo, que presenta inevitables desajustes.<\/p>\n<p style=\"text-align: justify;\"><strong>La iniciaci\u00f3n al ajedrez. Ingreso en el club<\/strong><br \/>\nTodos los a\u00f1os, cuando llega el mes de septiembre, sin pr\u00e1cticamente publicidad previa (en realidad, funciona la mejor publicidad: el boca a boca), se acercan por el club un amplio n\u00famero de j\u00f3venes de ambos sexos. Proceden b\u00e1sicamente de Vilagarc\u00eda, si bien algunos proceden de localidades pr\u00f3ximas: Valga, Vilanova, Cambados, Sanxenxo\u2026 Deben cubrir una ficha inicial, y pagar una cuota simb\u00f3lica que permitir\u00e1 hacer la posterior ficha federativa. Tras un test que permite evaluar el nivel ajedrec\u00edstico (en el anexo se muestra un esquema del test utilizado) inicial, se decide si se incorporar\u00e1n al grupo de \u201cnivel 0\u201d, con el que hay que trabajar sin conocimientos previos, o a un grupo de nivel un poquito superior, en el cual los jugadores conocen algunas reglas de juego, pero sin una comprensi\u00f3n correcta de los objetivos del ajedrez. Para unos y otros jugadores, es fundamental un trabajo de integraci\u00f3n en el club (algunos lo hacen r\u00e1pidamente, pero hay otros, m\u00e1s retra\u00eddos, para los cuales es preciso trabajar con tacto). Aunque no todos los j\u00f3venes que se acercan por el club contin\u00faan indefinidamente, lo cierto es que el grado de implicaci\u00f3n pensamos que es notable.<\/p>\n<p style=\"text-align: justify;\">La motivaci\u00f3n. Los torneos.Tenemos claro que una gran fuente de motivaci\u00f3n para nuestros jugadores son los torneos, por lo cual intentamos ofertar un amplio n\u00famero de \u00e9stos. Aparte de las competiciones oficiales: Zonales Individuales, Campeonatos por equipos, Torneos Escolares, se oferta la participaci\u00f3n en otros torneos como: Pe\u00f3n de Oro Individual o por Equipos (para los cuales se lleva un autob\u00fas, compartido con clubes pr\u00f3ximos), torneos locales pr\u00f3ximos o veraniegos y otros organizados por el club: Social, Santa Rita, Nocturno, Torneo de Verano\u2026 y otros espec\u00edficos para los jugadores m\u00e1s avanzados: torneo en base a una apertura concreta: defensa francesa o siciliana por ejemplo\u2026 En todo caso, al menos una vez al mes se intenta que haya un torneo, con partidas de alrededor de 20 minutos por jugador. Intentamos, en los torneos organizados por el club, que haya obsequios participativos para todos los asistentes; celebramos especialmente los premios variados y procuramos incluir la entrega de libros de ajedrez entre los premios.<\/p>\n","protected":false},"excerpt":{"rendered":"<p>EL CLUB XADREZ FONTECARMOA El Clube Xadrez FONTECARMOA nace a mediados de los a\u00f1os 80, por iniciativa de<\/p>\n","protected":false},"author":1,"featured_media":0,"parent":0,"menu_order":0,"comment_status":"open","ping_status":"open","template":"","meta":{"footnotes":""},"class_list":["post-62","page","type-page","status-publish","hentry"],"_links":{"self":[{"href":"https:\/\/cxfontecarmoa.com\/web\/wp-json\/wp\/v2\/pages\/62","targetHints":{"allow":["GET"]}}],"collection":[{"href":"https:\/\/cxfontecarmoa.com\/web\/wp-json\/wp\/v2\/pages"}],"about":[{"href":"https:\/\/cxfontecarmoa.com\/web\/wp-json\/wp\/v2\/types\/page"}],"author":[{"embeddable":true,"href":"https:\/\/cxfontecarmoa.com\/web\/wp-json\/wp\/v2\/users\/1"}],"replies":[{"embeddable":true,"href":"https:\/\/cxfontecarmoa.com\/web\/wp-json\/wp\/v2\/comments?post=62"}],"version-history":[{"count":0,"href":"https:\/\/cxfontecarmoa.com\/web\/wp-json\/wp\/v2\/pages\/62\/revisions"}],"wp:attachment":[{"href":"https:\/\/cxfontecarmoa.com\/web\/wp-json\/wp\/v2\/media?parent=62"}],"curies":[{"name":"wp","href":"https:\/\/api.w.org\/{rel}","templated":true}]}}