{"id":3238,"date":"2015-09-30T14:16:19","date_gmt":"2015-09-30T14:16:19","guid":{"rendered":"http:\/\/www.cxfontecarmoa.com\/?page_id=3238"},"modified":"2026-02-20T23:10:24","modified_gmt":"2026-02-20T22:10:24","slug":"horarios","status":"publish","type":"page","link":"https:\/\/cxfontecarmoa.com\/web\/horarios\/","title":{"rendered":"HORARIOS"},"content":{"rendered":"<div>\n<p class=\"ecxMsoNormal\"><span style=\"color: #ff0000; font-size: xx-large;\">CLASES DE LA TEMPORADA<\/span><b><\/b><\/p>\n<p class=\"ecxMsoNormal\"><span style=\"font-size: large;\">Esta semana, primera de octubre, comenzamos, como en a\u00f1os anteriores, las clases de ajedrez. Los horarios son semejantes a los del a\u00f1o pasado, aunque ha habido alg\u00fan peque\u00f1o cambio por peticiones de alumnos que necesitaban cambiar de horario o de alg\u00fan profesor. Resumiendo el cuadro de clases de esta temporada:<\/span><\/p>\n<p class=\"ecxMsoNormal\"><span style=\"font-size: large;\"><b><span style=\"color: #ff0000;\">CLASES PARA ADULTOS<\/span><\/b>: <b><span style=\"color: #ff0000;\">lunes de 18:30 a 20:00 horas y mi\u00e9rcoles<\/span><\/b>, de <b><span style=\"color: #ff0000;\">18:00 a 19:00 <\/span><\/b>horas en la <b><span style=\"color: #ff0000;\">Casa da Xuventude<\/span><\/b>. C<\/span>lases de iniciaci\u00f3n viernes de 19:00 a 20:00. Adem\u00e1s lunes y mi\u00e9rcoles hay grupos de juego por las tardes a partir de las 17:00 abierto a todos a los que les apetezca echar unas partidas.<\/p>\n<p class=\"ecxMsoNormal\"><span style=\"font-size: large;\"><span style=\"color: #ff0000;\"><b>MI\u00c9RCOLES<\/b><\/span>: <b><span style=\"color: #ff0000;\">clases de iniciaci\u00f3n<\/span><\/b> y <b><span style=\"color: #ff0000;\">un grupo de nivel avanzado<\/span><\/b>, de <b><span style=\"color: #ff0000;\">16,30 a 18<\/span><\/b> horas. En la <b><span style=\"color: #ff0000;\">Casa da Xuventude<\/span><\/b>.<\/span><\/p>\n<p class=\"ecxMsoNormal\"><span style=\"font-size: large;\"><b><span style=\"color: #ff0000;\">JUEVES<\/span><\/b>:<\/span><\/p>\n<p class=\"ecxMsoNormal\"><span style=\"font-size: large;\"><b><span style=\"color: #ff0000;\">VIERNES<\/span><\/b>: clases\u00a0 a m\u00faltiples niveles, en la <b><span style=\"color: #ff0000;\">Casa da Xuventude<\/span><\/b>:<\/span><\/p>\n<p class=\"ecxMsoNormal\"><span style=\"font-size: large;\">&#8211;<b><span style=\"color: #ff0000;\">Iniciaci\u00f3n<\/span><\/b> con varios grupos de <b><span style=\"color: #ff0000;\">16,30 a 18<\/span><\/b> horas y de <b><span style=\"color: #ff0000;\">18 a 19,30<\/span><\/b> horas.<\/span><\/p>\n<p class=\"ecxMsoNormal\"><span style=\"font-size: large;\">&#8211;<b><span style=\"color: #ff0000;\">Niveles avanzados<\/span><\/b> de <b><span style=\"color: #ff0000;\">16,30 a 18<\/span><\/b> horas; de <b><span style=\"color: #ff0000;\">18 a 20<\/span><\/b> horas y de <b><span style=\"color: #ff0000;\">17 a 18,30<\/span><\/b> horas.<\/span><\/p>\n<p class=\"ecxMsoNormal\"><span style=\"font-size: large;\"><b><span style=\"color: #ff0000;\">SABADOS<\/span><\/b>:<\/span><\/p>\n<\/div>\n<div><\/div>\n<div><\/div>\n","protected":false},"excerpt":{"rendered":"<p>CLASES DE LA TEMPORADA Esta semana, primera de octubre, comenzamos, como en a\u00f1os anteriores, las clases de ajedrez.<\/p>\n","protected":false},"author":2,"featured_media":0,"parent":0,"menu_order":0,"comment_status":"open","ping_status":"open","template":"","meta":{"footnotes":""},"class_list":["post-3238","page","type-page","status-publish","hentry"],"_links":{"self":[{"href":"https:\/\/cxfontecarmoa.com\/web\/wp-json\/wp\/v2\/pages\/3238","targetHints":{"allow":["GET"]}}],"collection":[{"href":"https:\/\/cxfontecarmoa.com\/web\/wp-json\/wp\/v2\/pages"}],"about":[{"href":"https:\/\/cxfontecarmoa.com\/web\/wp-json\/wp\/v2\/types\/page"}],"author":[{"embeddable":true,"href":"https:\/\/cxfontecarmoa.com\/web\/wp-json\/wp\/v2\/users\/2"}],"replies":[{"embeddable":true,"href":"https:\/\/cxfontecarmoa.com\/web\/wp-json\/wp\/v2\/comments?post=3238"}],"version-history":[{"count":1,"href":"https:\/\/cxfontecarmoa.com\/web\/wp-json\/wp\/v2\/pages\/3238\/revisions"}],"predecessor-version":[{"id":8432,"href":"https:\/\/cxfontecarmoa.com\/web\/wp-json\/wp\/v2\/pages\/3238\/revisions\/8432"}],"wp:attachment":[{"href":"https:\/\/cxfontecarmoa.com\/web\/wp-json\/wp\/v2\/media?parent=3238"}],"curies":[{"name":"wp","href":"https:\/\/api.w.org\/{rel}","templated":true}]}}